{"id":72,"date":"2023-09-17T11:27:00","date_gmt":"2023-09-17T18:27:00","guid":{"rendered":"http:\/\/tvncadao.org\/?page_id=72"},"modified":"2025-10-06T23:36:48","modified_gmt":"2025-10-07T06:36:48","slug":"ban-giang-huan","status":"publish","type":"page","link":"https:\/\/tvncadao.org\/en\/to-chuc\/ban-giang-huan\/","title":{"rendered":"Faculty"},"content":{"rendered":"<p class=\"\"><span style=\"text-decoration: underline;\"><strong>L\u1edbp M\u00e2\u0300m Non:<\/strong><\/span><br>Ph\u1ea1m H\u1ea3i Qu\u1ebf Ph\u01b0\u01a1ng<\/p>\n\n\n\n<p class=\"\"><span style=\"text-decoration: underline;\"><strong>L\u1edbp M\u1eabu Gi\u00e1o A:<\/strong><\/span><br>Hu\u1ef3nh Mai H\u1ed3ng<\/p>\n\n\n\n<p class=\"\"><span style=\"text-decoration: underline;\"><strong>L\u1edbp M\u1eabu Gi\u00e1o B:<\/strong><\/span><br>Ho\u00e0ng Th\u00f9y Uy\u00ean<\/p>\n\n\n\n<p class=\"\"><span style=\"text-decoration: underline;\"><strong>L\u1edbp M\u1ed9t A:<\/strong><\/span><br>Ph\u1ea1m Y\u00ean Vy<\/p>\n\n\n\n<p class=\"\"><strong><span style=\"text-decoration: underline;\">L\u1edbp M\u1ed9t B:<\/span><\/strong><br>Nguy\u1ec5n Kim Chi<\/p>\n\n\n\n<p class=\"\"><span style=\"text-decoration: underline;\"><strong>L\u1edbp Hai A:<\/strong><\/span><br>V\u00f5 V\u0103n Ho\u00e0ng<\/p>\n\n\n\n<p class=\"\"><span style=\"text-decoration: underline;\"><strong>L\u1edbp Hai B:<\/strong><\/span><br>Nguy\u1ec5n Thu H\u00e0 Rachel<\/p>\n\n\n\n<p class=\"\"><span style=\"text-decoration: underline;\"><strong>L\u1edbp Ba:<\/strong><\/span><br>S\u1eed Qu\u1ebf Hoa<\/p>\n\n\n\n<p class=\"\"><span style=\"text-decoration: underline;\"><strong>L\u1edbp B\u1ed1n &amp;<\/strong><\/span><span style=\"text-decoration: underline;\"><strong>&nbsp;N\u0103m:<\/strong><\/span><br>Ph\u1ea1m Ph\u00fa C\u01b0\u1eddng<\/p>\n\n\n\n<p class=\"\"><span style=\"text-decoration: underline;\"><strong>L\u1edbp S\u00e1u &amp; B\u1ea3y:<\/strong><\/span><br>Qu\u00e1ch B\u1ea1ch Tuy\u1ebft<\/p>\n\n\n\n<p class=\"\"><span style=\"text-decoration: underline;\"><strong>L\u1edbp \u0110\u1eb7c Bi\u1ec7t:<\/strong><\/span><br>Tr\u1ea7n Thi\u1ec7n Ti\u1ebfn<\/p>\n\n\n\n<p class=\"\"><span style=\"text-decoration: underline;\"><strong>D\u1ef1 B\u1ecb:<\/strong><\/span><br>Phan \u0110\u00e0o Li\u1ec5u Thu<br>B\u00f9i Th\u1ecb Kim Nga<\/p>\n\n\n\n<p class=\"\"><span style=\"text-decoration: underline;\"><strong>Ph\u1ee5 Gi\u00e1o:<\/strong><\/span><br>Nguy\u1ec5n Th\u1ecb G\u1ea5m<br>Nguy\u1ec5n H\u1ea3i<br>Phan Ph\u01b0\u01a1ng Vi Shannon<br>Ph\u1ea1m Th\u1ea3o Ly Lily<br>Tr\u1ea7n Lan H\u01b0\u01a1ng<br>T\u1ea1 Di\u1ec7p Susan<br>\u0110\u1eb7ng M\u1ef9 An Megan<\/p>\n\n\n\n<p class=\"\"><strong><span style=\"text-decoration: underline;\">T\u00ecnh Nguy\u1ec7n:<\/span><br><\/strong>Tr\u1ecbnh T\u00e2n Raymond<br>\u0110\u1eb7ng M\u1ef9 T\u00e2m Mindy<br>Phan Madison<br>Ph\u1ea1m M\u1ef9 Vy Emily<br>Ph\u1ea1m M\u1ef9 Kim Evelyn<\/p>\n\n\n\n<p class=\"\"><\/p>","protected":false},"excerpt":{"rendered":"<p>L\u1edbp M\u00e2\u0300m Non:Ph\u1ea1m H\u1ea3i Qu\u1ebf Ph\u01b0\u01a1ng L\u1edbp M\u1eabu Gi\u00e1o A:Hu\u1ef3nh Mai H\u1ed3ng L\u1edbp M\u1eabu Gi\u00e1o B:Ho\u00e0ng Th\u00f9y Uy\u00ean L\u1edbp M\u1ed9t A:Ph\u1ea1m Y\u00ean Vy L\u1edbp M\u1ed9t B:Nguy\u1ec5n Kim Chi L\u1edbp Hai A:V\u00f5 V\u0103n Ho\u00e0ng L\u1edbp Hai B:Nguy\u1ec5n Thu H\u00e0 Rachel L\u1edbp Ba:S\u1eed Qu\u1ebf Hoa L\u1edbp B\u1ed1n &amp;&nbsp;N\u0103m:Ph\u1ea1m Ph\u00fa C\u01b0\u1eddng L\u1edbp S\u00e1u &amp; B\u1ea3y:Qu\u00e1ch B\u1ea1ch Tuy\u1ebft L\u1edbp [&hellip;]<\/p>\n","protected":false},"author":5,"featured_media":0,"parent":68,"menu_order":0,"comment_status":"closed","ping_status":"open","template":"","meta":{"nf_dc_page":"","advgb_blocks_editor_width":"","advgb_blocks_columns_visual_guide":"","ngg_post_thumbnail":0,"footnotes":""},"class_list":["post-72","page","type-page","status-publish","hentry"],"coauthors":[],"author_meta":{"author_link":"https:\/\/tvncadao.org\/en\/author\/kimmai\/","display_name":"KMV"},"relative_dates":{"created":"Posted 3 years ago","modified":"Updated 7 months ago"},"absolute_dates":{"created":"Posted on 2023-09-17","modified":"Updated on 2025-10-06"},"absolute_dates_time":{"created":"Posted on 2023-09-17 11:27 am","modified":"Updated on 2025-10-06 11:36 pm"},"featured_img_caption":"","featured_img":false,"series_order":"","jetpack_sharing_enabled":true,"_links":{"self":[{"href":"https:\/\/tvncadao.org\/en\/wp-json\/wp\/v2\/pages\/72","targetHints":{"allow":["GET"]}}],"collection":[{"href":"https:\/\/tvncadao.org\/en\/wp-json\/wp\/v2\/pages"}],"about":[{"href":"https:\/\/tvncadao.org\/en\/wp-json\/wp\/v2\/types\/page"}],"author":[{"embeddable":true,"href":"https:\/\/tvncadao.org\/en\/wp-json\/wp\/v2\/users\/5"}],"replies":[{"embeddable":true,"href":"https:\/\/tvncadao.org\/en\/wp-json\/wp\/v2\/comments?post=72"}],"version-history":[{"count":5,"href":"https:\/\/tvncadao.org\/en\/wp-json\/wp\/v2\/pages\/72\/revisions"}],"predecessor-version":[{"id":7215,"href":"https:\/\/tvncadao.org\/en\/wp-json\/wp\/v2\/pages\/72\/revisions\/7215"}],"up":[{"embeddable":true,"href":"https:\/\/tvncadao.org\/en\/wp-json\/wp\/v2\/pages\/68"}],"wp:attachment":[{"href":"https:\/\/tvncadao.org\/en\/wp-json\/wp\/v2\/media?parent=72"}],"curies":[{"name":"wp","href":"https:\/\/api.w.org\/{rel}","templated":true}]}}