{"id":74,"date":"2014-08-21T23:27:50","date_gmt":"2014-08-22T06:27:50","guid":{"rendered":"http:\/\/tvncadao.org\/?page_id=74"},"modified":"2025-10-06T23:38:57","modified_gmt":"2025-10-07T06:38:57","slug":"hoi-phu-huynh","status":"publish","type":"page","link":"https:\/\/tvncadao.org\/en\/to-chuc\/hoi-phu-huynh\/","title":{"rendered":"Parent Association"},"content":{"rendered":"<p class=\"\"><strong>H\u1ed9i Tr\u01b0\u1edfng:<\/strong><br>Nguy\u1ec5n Th\u1ecb Ng\u1ecdc Y\u1ebfn<\/p>\n\n\n\n<p class=\"\"><strong>Th\u1ee7 Qu\u1ef9 (Treasurer):<\/strong><br>Phan Ph\u00fa<\/p>\n\n\n\n<p class=\"\"><strong>Th\u00e0nh Vi\u00ean:<\/strong><br>V\u00f5 Mindy<br>Nguy\u1ec5n Th\u1ee5c Trinh<br>L\u00ea Th\u00fay Huy\u1ec1n<br>V\u01b0\u01a1ng Uy\u00ean Linh<br>Tr\u1ea7n Xu\u00e2n Ch\u00ednh<br>Tr\u01b0\u01a1ng C\u00f4ng Simon<br>Nguy\u1ec5n Th\u1ecb B\u00e9<br>Ponti Samuel<br>L\u00ea Ph\u1ea1m Ho\u00e0ng Anh<\/p>","protected":false},"excerpt":{"rendered":"<p>H\u1ed9i Tr\u01b0\u1edfng:Nguy\u1ec5n Th\u1ecb Ng\u1ecdc Y\u1ebfn Th\u1ee7 Qu\u1ef9:Phan Ph\u00fa Th\u00e0nh Vi\u00ean:V\u00f5 MindyNguy\u1ec5n Th\u1ee5c TrinhL\u00ea Th\u00fay Huy\u1ec1nV\u01b0\u01a1ng Uy\u00ean LinhTr\u1ea7n Xu\u00e2n Ch\u00ednhTr\u01b0\u01a1ng C\u00f4ng SimonNguy\u1ec5n Th\u1ecb B\u00e9Ponti SamuelL\u00ea Ph\u1ea1m Ho\u00e0ng Anh<\/p>","protected":false},"author":3,"featured_media":0,"parent":68,"menu_order":0,"comment_status":"closed","ping_status":"open","template":"","meta":{"nf_dc_page":"","advgb_blocks_editor_width":"","advgb_blocks_columns_visual_guide":"","ngg_post_thumbnail":0,"footnotes":""},"class_list":["post-74","page","type-page","status-publish","hentry"],"coauthors":[],"author_meta":{"author_link":"https:\/\/tvncadao.org\/en\/author\/admin\/","display_name":"admin"},"relative_dates":{"created":"Posted 12 years ago","modified":"Updated 7 months ago"},"absolute_dates":{"created":"Posted on 2014-08-21","modified":"Updated on 2025-10-06"},"absolute_dates_time":{"created":"Posted on 2014-08-21 11:27 pm","modified":"Updated on 2025-10-06 11:38 pm"},"featured_img_caption":"","featured_img":false,"series_order":"","jetpack_sharing_enabled":true,"_links":{"self":[{"href":"https:\/\/tvncadao.org\/en\/wp-json\/wp\/v2\/pages\/74","targetHints":{"allow":["GET"]}}],"collection":[{"href":"https:\/\/tvncadao.org\/en\/wp-json\/wp\/v2\/pages"}],"about":[{"href":"https:\/\/tvncadao.org\/en\/wp-json\/wp\/v2\/types\/page"}],"author":[{"embeddable":true,"href":"https:\/\/tvncadao.org\/en\/wp-json\/wp\/v2\/users\/3"}],"replies":[{"embeddable":true,"href":"https:\/\/tvncadao.org\/en\/wp-json\/wp\/v2\/comments?post=74"}],"version-history":[{"count":5,"href":"https:\/\/tvncadao.org\/en\/wp-json\/wp\/v2\/pages\/74\/revisions"}],"predecessor-version":[{"id":7216,"href":"https:\/\/tvncadao.org\/en\/wp-json\/wp\/v2\/pages\/74\/revisions\/7216"}],"up":[{"embeddable":true,"href":"https:\/\/tvncadao.org\/en\/wp-json\/wp\/v2\/pages\/68"}],"wp:attachment":[{"href":"https:\/\/tvncadao.org\/en\/wp-json\/wp\/v2\/media?parent=74"}],"curies":[{"name":"wp","href":"https:\/\/api.w.org\/{rel}","templated":true}]}}