{"id":84,"date":"2014-08-21T23:29:45","date_gmt":"2014-08-22T06:29:45","guid":{"rendered":"http:\/\/tvncadao.org\/?page_id=84"},"modified":"2026-02-07T14:46:44","modified_gmt":"2026-02-07T22:46:44","slug":"ban-tin","status":"publish","type":"page","link":"https:\/\/tvncadao.org\/en\/ban-tin\/","title":{"rendered":"Newsletter"},"content":{"rendered":"<h2 class=\"wp-block-heading\" id=\"-8703cff3-5151-4142-8aa4-c272fbfd6f2f\">B\u1ea3n Tin T\u1ebft B\u00ednh Ng\u1ecd 2026<\/h2>\n\n\n\n<div\n    class='wp-block-pdfp-pdf-poster  alignnone'\n    id='block-1'\n    data-attributes='{&quot;file&quot;:&quot;https:\\\/\\\/tvncadao.org\\\/wp-content\\\/uploads\\\/2026\\\/02\\\/Ban-Tin-Tet-Binh-Ngo-2026.pdf&quot;,&quot;btnStyles&quot;:{&quot;background&quot;:&quot;#2271b1&quot;,&quot;color&quot;:&quot;#fff&quot;,&quot;fontSize&quot;:&quot;16px&quot;,&quot;padding&quot;:{&quot;top&quot;:10,&quot;right&quot;:20,&quot;bottom&quot;:10,&quot;left&quot;:10}},&quot;adobeOptions&quot;:{&quot;showDownloadPDF&quot;:true,&quot;showPrintPDF&quot;:true,&quot;showAnnotationTools&quot;:true,&quot;showFullScreen&quot;:false,&quot;embedMode&quot;:&quot;SIZED_CONTAINER&quot;,&quot;updated&quot;:true},&quot;CSS&quot;:&quot;.pdfp2b40d368btn {background: #2271b1; color: #fff; padding: 10px 20px 10px 10px}&quot;,&quot;align&quot;:&quot;none&quot;,&quot;alignment&quot;:&quot;left&quot;,&quot;title&quot;:&quot;&quot;,&quot;titleFontSize&quot;:&quot;16px&quot;,&quot;height&quot;:{&quot;desktop&quot;:&quot;840px&quot;,&quot;tablet&quot;:&quot;700px&quot;,&quot;mobile&quot;:&quot;400px&quot;},&quot;width&quot;:{&quot;desktop&quot;:&quot;100%&quot;,&quot;tablet&quot;:&quot;100%&quot;,&quot;mobile&quot;:&quot;100%&quot;},&quot;showName&quot;:false,&quot;print&quot;:false,&quot;onlyPDF&quot;:false,&quot;defaultBrowser&quot;:false,&quot;downloadButton&quot;:false,&quot;downloadButtonText&quot;:&quot;Download File&quot;,&quot;fullscreenButton&quot;:true,&quot;fullscreenButtonText&quot;:&quot;View Fullscreen&quot;,&quot;actionsPosition&quot;:&quot;top&quot;,&quot;newWindow&quot;:false,&quot;protect&quot;:false,&quot;thumbMenu&quot;:false,&quot;sidebarOpen&quot;:false,&quot;initialPage&quot;:0,&quot;alert&quot;:false,&quot;lastVersion&quot;:false,&quot;hrScroll&quot;:false,&quot;isHideRightToolbar&quot;:false,&quot;additional&quot;:{&quot;ID&quot;:&quot;&quot;,&quot;Class&quot;:&quot;&quot;,&quot;CSS&quot;:&quot;&quot;},&quot;adobeEmbedder&quot;:false,&quot;popupOptions&quot;:{&quot;enabled&quot;:false,&quot;triggerType&quot;:&quot;button&quot;,&quot;image&quot;:&quot;&quot;,&quot;imagePdfIcon&quot;:true,&quot;imageHeight&quot;:&quot;200px&quot;,&quot;imageWidth&quot;:&quot;300px&quot;,&quot;text&quot;:&quot;Open PDF&quot;,&quot;btnStyle&quot;:{&quot;background&quot;:&quot;#2271b1&quot;,&quot;color&quot;:&quot;#fff&quot;,&quot;fontSize&quot;:&quot;16px&quot;,&quot;padding&quot;:{&quot;top&quot;:10,&quot;right&quot;:20,&quot;bottom&quot;:10,&quot;left&quot;:10}}},&quot;popupBtnStyle&quot;:{&quot;background&quot;:&quot;#2271b1&quot;,&quot;color&quot;:&quot;#fff&quot;,&quot;padding&quot;:{&quot;top&quot;:10,&quot;right&quot;:20,&quot;bottom&quot;:10,&quot;left&quot;:10}},&quot;popupBtnText&quot;:&quot;Open Document&quot;,&quot;socialShare&quot;:{&quot;enabled&quot;:false,&quot;facebook&quot;:true,&quot;twitter&quot;:true,&quot;linkedin&quot;:true,&quot;pinterest&quot;:true,&quot;position&quot;:&quot;top&quot;},&quot;TrpContentRestriction&quot;:{&quot;restriction_type&quot;:&quot;exclude&quot;,&quot;selected_languages&quot;:[],&quot;panel_open&quot;:true},&quot;advgbBlockControls&quot;:[],&quot;isPremium&quot;:false}'\n    style=\"text-align: left\">\n            <div class=\"pdfp_loading_placeholder\" style=\"height: 840px; width: 100%; display: flex; align-items: center; justify-content: center; background: #f5f5f5; border: 1px solid #ddd;\">\n             <p>Loading Viewer&#8230;<\/p>\n        <\/div>\n    <\/div>\n\n\n\n<hr class=\"is-style-dots wp-block-separator has-css-opacity advgb-dyn-2ad4c916\"\/>\n\n\n\n<h2 class=\"wp-block-heading\" id=\"ban-tin-cu-7d8b1508-fd6f-4549-9531-31484ca7fbe9\">B\u1ea3n Tin C\u0169<\/h2>\n\n\n\n<hr class=\"is-style-wide wp-block-separator has-alpha-channel-opacity\"\/>\n\n\n\n<p class=\"\"><\/p>\n\n\n\n<h4 class=\"wp-block-heading\"><a href=\"https:\/\/tvncadao.org\/wp-content\/uploads\/2026\/02\/Ban-Tin-Tet-Binh-Ngo-2026.pdf\" data-type=\"attachment\" data-id=\"6812\">B\u1ea3n Tin T\u1ebft B\u00ednh Ng\u1ecd 2026<\/a><\/h4>\n\n\n\n<h4 class=\"wp-block-heading\"><a href=\"https:\/\/tvncadao.org\/wp-content\/uploads\/2025\/02\/Ban-Tin-Tet-At-Ty-2025.pdf\" data-type=\"attachment\" data-id=\"6812\">B\u1ea3n Tin T\u1ebft \u1ea4t T\u1ef5 2025<\/a><\/h4>\n\n\n\n<h4 class=\"wp-block-heading\"><a href=\"https:\/\/tvncadao.org\/wp-content\/uploads\/2024\/02\/ban-tin-Tet-Giap-thin-2024.pdf\" data-type=\"link\" data-id=\"https:\/\/tvncadao.org\/wp-content\/uploads\/2024\/02\/ban-tin-Tet-Giap-thin-2024.pdf\">B\u1ea3n Tin T\u1ebft Gi\u00e1p Th\u00ecn 2024<\/a><\/h4>\n\n\n\n<h4 class=\"wp-block-heading\" id=\"ban-tin-tet-nham-dan-2022-9d7a6877-67a6-4388-b887-98906a3709e5\"><a href=\"https:\/\/tvncadao.org\/wp-content\/uploads\/2023\/01\/ban-tin-8-Tet-Quy-Mao-2023.pdf\" data-type=\"URL\" data-id=\"https:\/\/tvncadao.org\/wp-content\/uploads\/2023\/01\/ban-tin-8-Tet-Quy-Mao-2023.pdf\">B\u1ea3n Tin T\u1ebft Qu\u00fd M\u00e3o 2023<\/a><\/h4>\n\n\n\n<h4 class=\"wp-block-heading\" id=\"ban-tin-tet-nham-dan-2022-9d7a6877-67a6-4388-b887-98906a3709e5\"><a href=\"https:\/\/tvncadao.org\/wp-content\/uploads\/2022\/01\/ban-tin-7-Tet-Nham-Dan-2022.pdf\" data-type=\"attachment\" data-id=\"4761\" target=\"_blank\" rel=\"noreferrer noopener\">B\u1ea3n Tin T\u1ebft Nh\u00e2m D\u1ea7n 2022<\/a><\/h4>\n\n\n\n<h4 class=\"wp-block-heading\" id=\"ban-tin-tet-canh-ty-2020-6f31dfb5-2f58-428f-9ded-111313c13de9\"><a href=\"https:\/\/tvncadao.org\/wp-content\/uploads\/2020\/01\/ban-tin-6-Tet-Canh-Ty-2020.pdf\" data-type=\"attachment\" data-id=\"4263\" target=\"_blank\" rel=\"noreferrer noopener\">B\u1ea3n Tin T\u1ebft Canh T\u1ef3 2020<\/a><\/h4>\n\n\n\n<h4 class=\"wp-block-heading\" id=\"ban-tin-xuan-ky-hoi-2019-a07865bf-a697-448e-992d-047e42e710d2\"><a href=\"https:\/\/tvncadao.org\/wp-content\/uploads\/2019\/02\/ban-tin-5-Tet-Ky-Hoi-2019.pdf\" data-type=\"attachment\" data-id=\"3737\" target=\"_blank\" rel=\"noreferrer noopener\">B\u1ea3n Tin Xu\u00e2n K\u1ef7 H\u1ee3i 2019\u200b<\/a><\/h4>\n\n\n\n<h4 class=\"wp-block-heading\" id=\"ban-tin-tet-mau-tuat-2018-f0fe8d6b-a899-4492-9245-e6677d2d8751\"><a rel=\"noreferrer noopener\" href=\"http:\/\/tvncadao.org\/wp-content\/uploads\/ban-tin-4-Tet-Mau-Tuat-2018.pdf\" target=\"_blank\">B\u1ea3n Tin T\u1ebft M\u1eadu Tu\u1ea5t 2018<\/a><\/h4>\n\n\n\n<h4 class=\"wp-block-heading\" id=\"ban-tin-xuan-dinh-dau-2017-48bc43e0-19ef-423a-adb3-29aace109a6c\"><a href=\"http:\/\/tvncadao.org\/wp-content\/uploads\/ban-tin-xuan-dinh-dau-2017.pdf\" target=\"_blank\" rel=\"noreferrer noopener\">B\u1ea3n Tin Xu\u00e2n \u0110inh D\u1eadu 2017<\/a><\/h4>\n\n\n\n<h4 class=\"wp-block-heading\" id=\"ban-tin-xuan-binh-than-2016-7eab129d-4688-43f7-ac73-b2cae26baa6d\"><a href=\"http:\/\/tvncadao.org\/wp-content\/uploads\/Ban-Tin-2-Tet-Binh-Than-2016.pdf\" target=\"_blank\" rel=\"noreferrer noopener\">B\u1ea3n Tin Xu\u00e2n B\u00ednh Th\u00e2n 2016<\/a><\/h4>\n\n\n\n<h4 class=\"wp-block-heading\" id=\"ban-tin-xuan-at-mui-2015-958d7084-a284-4ead-97e2-3b6ba2f80d43\"><a href=\"https:\/\/tvncadao.org\/wp-content\/uploads\/2015\/03\/ban-tin-1-Tet-At-Mui-2015.pdf\" target=\"_blank\" rel=\"noreferrer noopener\">B\u1ea3n Tin Xu\u00e2n \u1ea4t M\u00f9i 2015<\/a><\/h4>","protected":false},"excerpt":{"rendered":"<p>B\u1ea3n Tin T\u1ebft B\u00ednh Ng\u1ecd 2026 B\u1ea3n Tin C\u0169 B\u1ea3n Tin T\u1ebft B\u00ednh Ng\u1ecd 2026 B\u1ea3n Tin T\u1ebft \u1ea4t T\u1ef5 2025 B\u1ea3n Tin T\u1ebft Gi\u00e1p Th\u00ecn 2024 B\u1ea3n Tin T\u1ebft Qu\u00fd M\u00e3o 2023 B\u1ea3n Tin T\u1ebft Nh\u00e2m D\u1ea7n 2022 B\u1ea3n Tin T\u1ebft Canh T\u1ef3 2020 B\u1ea3n Tin Xu\u00e2n K\u1ef7 H\u1ee3i 2019\u200b B\u1ea3n Tin T\u1ebft M\u1eadu [&hellip;]<\/p>\n","protected":false},"author":3,"featured_media":0,"parent":0,"menu_order":0,"comment_status":"closed","ping_status":"open","template":"","meta":{"nf_dc_page":"","advgb_blocks_editor_width":"","advgb_blocks_columns_visual_guide":"","ngg_post_thumbnail":0,"footnotes":""},"class_list":["post-84","page","type-page","status-publish","hentry"],"coauthors":[],"author_meta":{"author_link":"https:\/\/tvncadao.org\/en\/author\/admin\/","display_name":"admin"},"relative_dates":{"created":"Posted 12 years ago","modified":"Updated 3 months ago"},"absolute_dates":{"created":"Posted on 2014-08-21","modified":"Updated on 2026-02-07"},"absolute_dates_time":{"created":"Posted on 2014-08-21 11:29 pm","modified":"Updated on 2026-02-07 2:46 pm"},"featured_img_caption":"","featured_img":false,"series_order":"","jetpack_sharing_enabled":true,"_links":{"self":[{"href":"https:\/\/tvncadao.org\/en\/wp-json\/wp\/v2\/pages\/84","targetHints":{"allow":["GET"]}}],"collection":[{"href":"https:\/\/tvncadao.org\/en\/wp-json\/wp\/v2\/pages"}],"about":[{"href":"https:\/\/tvncadao.org\/en\/wp-json\/wp\/v2\/types\/page"}],"author":[{"embeddable":true,"href":"https:\/\/tvncadao.org\/en\/wp-json\/wp\/v2\/users\/3"}],"replies":[{"embeddable":true,"href":"https:\/\/tvncadao.org\/en\/wp-json\/wp\/v2\/comments?post=84"}],"version-history":[{"count":5,"href":"https:\/\/tvncadao.org\/en\/wp-json\/wp\/v2\/pages\/84\/revisions"}],"predecessor-version":[{"id":7281,"href":"https:\/\/tvncadao.org\/en\/wp-json\/wp\/v2\/pages\/84\/revisions\/7281"}],"wp:attachment":[{"href":"https:\/\/tvncadao.org\/en\/wp-json\/wp\/v2\/media?parent=84"}],"curies":[{"name":"wp","href":"https:\/\/api.w.org\/{rel}","templated":true}]}}